{"id":2,"date":"2022-06-15T17:19:42","date_gmt":"2022-06-15T20:19:42","guid":{"rendered":"https:\/\/neuraverso.com\/?page_id=2"},"modified":"2023-02-26T00:19:59","modified_gmt":"2023-02-26T03:19:59","slug":"moda-ai","status":"publish","type":"page","link":"https:\/\/old.neuraverso.com\/","title":{"rendered":"El futuro de la moda con la IA y la realidad aumentada"},"content":{"rendered":"\n<p><strong>El futuro de la moda: c\u00f3mo la IA y la realidad aumentada est\u00e1n transformando la forma en que compramos ropa<\/strong><\/p>\n\n\n\n<figure class=\"wp-block-image aligncenter size-large is-resized\" style=\"border-radius:44px\"><img loading=\"lazy\" src=\"https:\/\/neuraverso.com\/wp-content\/uploads\/2023\/02\/pexels-ali-pazani-2777898-819x1024.jpg\" alt=\"\" class=\"wp-image-20\" width=\"305\" height=\"381\" title=\"IA\" srcset=\"https:\/\/old.neuraverso.com\/wp-content\/uploads\/2023\/02\/pexels-ali-pazani-2777898-819x1024.jpg 819w, https:\/\/old.neuraverso.com\/wp-content\/uploads\/2023\/02\/pexels-ali-pazani-2777898-240x300.jpg 240w, https:\/\/old.neuraverso.com\/wp-content\/uploads\/2023\/02\/pexels-ali-pazani-2777898-768x960.jpg 768w, https:\/\/old.neuraverso.com\/wp-content\/uploads\/2023\/02\/pexels-ali-pazani-2777898-1229x1536.jpg 1229w, https:\/\/old.neuraverso.com\/wp-content\/uploads\/2023\/02\/pexels-ali-pazani-2777898.jpg 1280w\" sizes=\"(max-width: 305px) 100vw, 305px\" \/><\/figure>\n\n\n\n<p>La tecnolog\u00eda ha avanzado de manera exponencial en los \u00faltimos a\u00f1os, y esto ha dado lugar a una nueva era en la que la realidad f\u00edsica y la virtual se est\u00e1n fusionando. La realidad aumentada y la inteligencia artificial son tecnolog\u00edas que est\u00e1n liderando este cambio y son tanto el inicio como el fin, dependiendo del enfoque que se les quiera dar.<\/p>\n\n\n\n<p>Empresas como Zara, Adidas, Amazon Fashion y Asos ofrecen experiencias de compra en 360 grados para algunas de sus prendas, lo que permite a los usuarios ver las prendas desde diferentes \u00e1ngulos y tambi\u00e9n hacer zoom para ver detalles de las prendas. Adem\u00e1s, con la ayuda de la inteligencia artificial, los asistentes virtuales pueden conocer tus gustos personales y ayudarte a elegir la ropa adecuada para ti.<\/p>\n\n\n\n<figure class=\"wp-block-image aligncenter size-large is-resized\" style=\"border-radius:100px\"><img loading=\"lazy\" src=\"https:\/\/neuraverso.com\/wp-content\/uploads\/2023\/02\/pexels-sound-on-3761272-787x1024.jpg\" alt=\"\" class=\"wp-image-21\" width=\"322\" height=\"419\" title=\"VR\" srcset=\"https:\/\/old.neuraverso.com\/wp-content\/uploads\/2023\/02\/pexels-sound-on-3761272-787x1024.jpg 787w, https:\/\/old.neuraverso.com\/wp-content\/uploads\/2023\/02\/pexels-sound-on-3761272-230x300.jpg 230w, https:\/\/old.neuraverso.com\/wp-content\/uploads\/2023\/02\/pexels-sound-on-3761272-768x1000.jpg 768w, https:\/\/old.neuraverso.com\/wp-content\/uploads\/2023\/02\/pexels-sound-on-3761272-1180x1536.jpg 1180w, https:\/\/old.neuraverso.com\/wp-content\/uploads\/2023\/02\/pexels-sound-on-3761272-1573x2048.jpg 1573w, https:\/\/old.neuraverso.com\/wp-content\/uploads\/2023\/02\/pexels-sound-on-3761272-scaled.jpg 1966w\" sizes=\"(max-width: 322px) 100vw, 322px\" \/><\/figure>\n\n\n\n<p>Aunque todav\u00eda no es com\u00fan que los asistentes virtuales compren ropa por ti con medidas exactas, se espera que en el futuro pr\u00f3ximo puedan hacerlo realidad. De hecho, algunos investigadores ya est\u00e1n trabajando en la tecnolog\u00eda necesaria para hacerlo posible.<\/p>\n\n\n\n<p>En NeuraVerso estamos comprometidos a estar al d\u00eda con los \u00faltimos avances en IA y VR, y compartirlos con nuestros usuarios. Si te interesa estar al tanto de los \u00faltimos avances en tecnolog\u00eda y c\u00f3mo impactan en nuestras vidas cotidianas, te invitamos a visitar nuestra p\u00e1gina web donde publicaremos m\u00e1s informaci\u00f3n sobre la inteligencia artificial y la realidad aumentada. \u00danete a nuestra comunidad y explora las posibilidades de la tecnolog\u00eda para el futuro.<\/p>\n\n\n\n<p>Si est\u00e1s interesado en probar la realidad aumentada por ti mismo, puedes visitar el sitio web de <a href=\"https:\/\/www.warbyparker.com\/eyeglasses\/blakeley\/peacock-green\" target=\"_blank\" rel=\"noreferrer noopener\" title=\"Warby Parker\">Warby Parker<\/a> y probar su aplicaci\u00f3n de &#8220;Virtual Try-On&#8221;. Warby Parker es una marca de anteojos que ofrece una experiencia de compra \u00fanica a trav\u00e9s de la realidad aumentada. Puedes probar virtualmente los anteojos en 3D en tu dispositivo m\u00f3vil o de escritorio, y ver c\u00f3mo se ven en tu rostro antes de realizar la compra.<\/p>\n\n\n\n<p>Recuerda que Warby Parker es solo una de las muchas marcas que est\u00e1n utilizando la realidad aumentada para mejorar la experiencia de compra de ropa y accesorios. Si te interesa explorar a\u00fan m\u00e1s las posibilidades de la realidad aumentada, puedes buscar en l\u00ednea otras marcas que ofrecen experiencias similares.<\/p>\n\n\n\n<p style=\"font-size:9px\">Autor: Tomas Romero<\/p>\n\n\n\n<p style=\"font-size:9px\">Tomas es un apasionado de la tecnolog\u00eda y ha estado siguiendo los avances en inteligencia artificial y realidad aumentada durante los \u00faltimos a\u00f1os. Con una licenciatura en ingenier\u00eda de sistemas y varios a\u00f1os de experiencia trabajando en el campo de la tecnolog\u00eda, Tomas tiene un conocimiento profundo de c\u00f3mo la tecnolog\u00eda est\u00e1 transformando nuestras vidas.<\/p>\n\n\n\n<p style=\"font-size:9px\">En su tiempo libre, Tomas disfruta investigando los \u00faltimos avances en tecnolog\u00eda y escribiendo art\u00edculos que ayuden a las personas a comprender mejor c\u00f3mo la tecnolog\u00eda est\u00e1 cambiando el mundo. Como parte de su compromiso con la divulgaci\u00f3n de la tecnolog\u00eda, Tomas est\u00e1 emocionado de colaborar con<strong> NeuraVerso <\/strong>para compartir informaci\u00f3n sobre los avances en inteligencia artificial y realidad aumentada y explorar las posibilidades que ofrecen para el futuro.<\/p>\n\n\n\n<p style=\"font-size:9px\"><\/p>\n","protected":false},"excerpt":{"rendered":"<p>El futuro de la moda: c\u00f3mo la IA y la realidad aumentada est\u00e1n transformando la forma en que compramos ropa La tecnolog\u00eda ha avanzado de manera exponencial en los \u00faltimos a\u00f1os, y esto ha dado lugar a una nueva era en la que la realidad f\u00edsica y la virtual se est\u00e1n fusionando. La realidad aumentada &hellip;<\/p>\n<p class=\"read-more\"> <a class=\"\" href=\"https:\/\/old.neuraverso.com\/\"> <span class=\"screen-reader-text\">El futuro de la moda con la IA y la realidad aumentada<\/span> Read More &raquo;<\/a><\/p>\n","protected":false},"author":1,"featured_media":0,"parent":0,"menu_order":0,"comment_status":"closed","ping_status":"closed","template":"","meta":{"om_disable_all_campaigns":false,"_monsterinsights_skip_tracking":false,"_monsterinsights_sitenote_active":false,"_monsterinsights_sitenote_note":"","_monsterinsights_sitenote_category":0,"site-sidebar-layout":"default","site-content-layout":"default","ast-global-header-display":"","ast-main-header-display":"","ast-hfb-above-header-display":"","ast-hfb-below-header-display":"","ast-hfb-mobile-header-display":"","site-post-title":"","ast-breadcrumbs-content":"","ast-featured-img":"","footer-sml-layout":"","theme-transparent-header-meta":"","adv-header-id-meta":"","stick-header-meta":"","header-above-stick-meta":"","header-main-stick-meta":"","header-below-stick-meta":""},"_links":{"self":[{"href":"https:\/\/old.neuraverso.com\/index.php\/wp-json\/wp\/v2\/pages\/2"}],"collection":[{"href":"https:\/\/old.neuraverso.com\/index.php\/wp-json\/wp\/v2\/pages"}],"about":[{"href":"https:\/\/old.neuraverso.com\/index.php\/wp-json\/wp\/v2\/types\/page"}],"author":[{"embeddable":true,"href":"https:\/\/old.neuraverso.com\/index.php\/wp-json\/wp\/v2\/users\/1"}],"replies":[{"embeddable":true,"href":"https:\/\/old.neuraverso.com\/index.php\/wp-json\/wp\/v2\/comments?post=2"}],"version-history":[{"count":7,"href":"https:\/\/old.neuraverso.com\/index.php\/wp-json\/wp\/v2\/pages\/2\/revisions"}],"predecessor-version":[{"id":28,"href":"https:\/\/old.neuraverso.com\/index.php\/wp-json\/wp\/v2\/pages\/2\/revisions\/28"}],"wp:attachment":[{"href":"https:\/\/old.neuraverso.com\/index.php\/wp-json\/wp\/v2\/media?parent=2"}],"curies":[{"name":"wp","href":"https:\/\/api.w.org\/{rel}","templated":true}]}}